{"id":15499,"date":"2024-04-08T23:44:41","date_gmt":"2024-04-09T02:44:41","guid":{"rendered":"https:\/\/bmoda.com.br\/varejo\/product\/t-shirt-pernalonga-stay-crazy-rosa\/"},"modified":"2026-04-24T10:37:03","modified_gmt":"2026-04-24T13:37:03","slug":"t-shirt-pernalonga-stay-crazy-rosa","status":"publish","type":"product","link":"https:\/\/bmoda.com.br\/varejo\/product\/t-shirt-pernalonga-stay-crazy-rosa\/","title":{"rendered":"Camiseta Pernalonga Stay Crazy Rosa"},"content":{"rendered":"<p style=\"padding-left: 40px; text-align: left;\">Veja abaixo as especifica\u00e7\u00f5es de nossas T-Shirts.<\/p>\n<p><strong>Acabamento:<\/strong><br \/>\nTodas as nossas t-shirts recebem um tratamento especial no acabamento, com refor\u00e7o em toda a extens\u00e3o da pe\u00e7a.<\/p>\n<p><strong>Composi\u00e7\u00e3o da Malha:<\/strong><\/p>\n<ul>\n<li>100% Algod\u00e3o, Fio 30.1 Penteada<\/li>\n<li>Modelo Camiseta<\/li>\n<li>Gola O<\/li>\n<\/ul>\n<p><strong>Modelagem:<\/strong><br \/>\nA nossa modelagem n\u00e3o \u00e9 camiset\u00e3o, \u00e9 tamanho padr\u00e3o. Ent\u00e3o se voc\u00ea gosta de T-shirt um pouco mais soltinha recomendamos a escolha de um tamanho maior.<\/p>\n<p><strong>Rela\u00e7\u00e3o dos tamanhos:<\/strong><\/p>\n<ul>\n<li>P veste 36\/38<\/li>\n<li>M veste 40\/42<\/li>\n<li>G veste 42\/44<\/li>\n<li>GG veste 44\/46<\/li>\n<\/ul>\n<p><strong>Tabela de Medidas<\/strong><\/p>\n<table style=\"height: 163px;\" width=\"308\">\n<thead>\n<tr>\n<th style=\"text-align: center;\" scope=\"col\">Tamanho<\/th>\n<th style=\"text-align: center;\" scope=\"col\">Largura<\/th>\n<th style=\"text-align: center;\" scope=\"col\">Altura<\/th>\n<\/tr>\n<\/thead>\n<tbody>\n<tr>\n<td style=\"text-align: center;\">P<\/td>\n<td style=\"text-align: center;\">44<\/td>\n<td style=\"text-align: center;\">56<\/td>\n<\/tr>\n<tr>\n<td style=\"text-align: center;\">M<\/td>\n<td style=\"text-align: center;\">46<\/td>\n<td style=\"text-align: center;\">59<\/td>\n<\/tr>\n<tr>\n<td style=\"text-align: center;\">G<\/td>\n<td style=\"text-align: center;\">50<\/td>\n<td style=\"text-align: center;\">62<\/td>\n<\/tr>\n<tr>\n<td style=\"text-align: center;\">GG<\/td>\n<td style=\"text-align: center;\">53<\/td>\n<td style=\"text-align: center;\">65<\/td>\n<\/tr>\n<\/tbody>\n<\/table>\n<p>\u2013 As medidas podem variar 2 cm para mais ou para menos;<\/p>\n<p>\u2013 Se ainda houver d\u00favida, me\u00e7a uma pe\u00e7a do seu guarda roupa (camiseta) e compare com nossa tabela de medidas.<\/p>\n<p><strong>Dicas e cuidados com a sua T-shirt<\/strong><\/p>\n<ul>\n<li>N\u00e3o usar alvejante ou cloro<\/li>\n<li>Lavar com sab\u00e3o neutro<\/li>\n<li>N\u00e3o deixar de molho<\/li>\n<li>N\u00e3o lavar na m\u00e1quina com \u00e1gua quente<\/li>\n<li>Se lavar na m\u00e1quina, virar a camiseta do lado avesso e n\u00e3o misturar pe\u00e7as claras com escuras<\/li>\n<li>De prefer\u00eancia lavar \u00e0 m\u00e3o, com \u00e1gua fria.<\/li>\n<\/ul>\n","protected":false},"excerpt":{"rendered":"<p>Veja abaixo as especifica\u00e7\u00f5es de nossas T-Shirts. Acabamento: Todas as nossas t-shirts recebem um tratamento especial no acabamento, com refor\u00e7o em toda a extens\u00e3o da pe\u00e7a. Composi\u00e7\u00e3o da Malha: 100% Algod\u00e3o, Fio 30.1 Penteada Modelo Camiseta Gola O Modelagem: A nossa modelagem n\u00e3o \u00e9 camiset\u00e3o, \u00e9 tamanho padr\u00e3o. Ent\u00e3o se voc\u00ea gosta de T-shirt um [&#8230;]\n","protected":false},"featured_media":15498,"comment_status":"open","ping_status":"closed","template":"","meta":{"_joinchat":[]},"product_cat":[76,69,70],"product_tag":[],"class_list":{"0":"post-15499","1":"product","2":"type-product","3":"status-publish","4":"has-post-thumbnail","6":"product_cat-mais-vendidas","7":"product_cat-personagens","8":"product_cat-todas","9":"pa_tamanho-tamanho-g","10":"pa_tamanho-g1","11":"pa_tamanho-gg","12":"pa_tamanho-m","13":"pa_tamanho-p","15":"first","16":"instock","17":"sale","18":"shipping-taxable","19":"purchasable","20":"product-type-variable"},"yoast_head":"<!-- This site is optimized with the Yoast SEO Premium plugin v20.7 (Yoast SEO v20.6) - https:\/\/yoast.com\/wordpress\/plugins\/seo\/ -->\n<title>Camiseta Pernalonga Stay Crazy Rosa - Bmoda Varejo - Conforto, Estilo e Qualidade<\/title>\n<meta name=\"robots\" content=\"index, follow, max-snippet:-1, max-image-preview:large, max-video-preview:-1\" \/>\n<link rel=\"canonical\" href=\"https:\/\/bmoda.com.br\/varejo\/product\/t-shirt-pernalonga-stay-crazy-rosa\/\" \/>\n<meta property=\"og:locale\" content=\"pt_BR\" \/>\n<meta property=\"og:type\" content=\"article\" \/>\n<meta property=\"og:title\" content=\"Camiseta Pernalonga Stay Crazy Rosa\" \/>\n<meta property=\"og:description\" content=\"Veja abaixo as especifica\u00e7\u00f5es de nossas T-Shirts. Acabamento: Todas as nossas t-shirts recebem um tratamento especial no acabamento, com refor\u00e7o em toda a extens\u00e3o da pe\u00e7a. Composi\u00e7\u00e3o da Malha: 100% Algod\u00e3o, Fio 30.1 Penteada Modelo Camiseta Gola O Modelagem: A nossa modelagem n\u00e3o \u00e9 camiset\u00e3o, \u00e9 tamanho padr\u00e3o. Ent\u00e3o se voc\u00ea gosta de T-shirt um [...]\" \/>\n<meta property=\"og:url\" content=\"https:\/\/bmoda.com.br\/varejo\/product\/t-shirt-pernalonga-stay-crazy-rosa\/\" \/>\n<meta property=\"og:site_name\" content=\"Bmoda Varejo - Conforto, Estilo e Qualidade\" \/>\n<meta property=\"article:publisher\" content=\"https:\/\/www.facebook.com\/BmodaAdultoEInfantil\" \/>\n<meta property=\"article:modified_time\" content=\"2026-04-24T13:37:03+00:00\" \/>\n<meta property=\"og:image\" content=\"https:\/\/bmoda.com.br\/varejo\/wp-content\/uploads\/2024\/04\/whatsapp-image-2022-10-19-at-152303-e1666272419487.jpeg\" \/>\n\t<meta property=\"og:image:width\" content=\"1066\" \/>\n\t<meta property=\"og:image:height\" content=\"1536\" \/>\n\t<meta property=\"og:image:type\" content=\"image\/jpeg\" \/>\n<meta name=\"twitter:label1\" content=\"Est. tempo de leitura\" \/>\n\t<meta name=\"twitter:data1\" content=\"1 minuto\" \/>\n<script type=\"application\/ld+json\" class=\"yoast-schema-graph\">{\"@context\":\"https:\/\/schema.org\",\"@graph\":[{\"@type\":\"WebPage\",\"@id\":\"https:\/\/bmoda.com.br\/varejo\/product\/t-shirt-pernalonga-stay-crazy-rosa\/\",\"url\":\"https:\/\/bmoda.com.br\/varejo\/product\/t-shirt-pernalonga-stay-crazy-rosa\/\",\"name\":\"Camiseta Pernalonga Stay Crazy Rosa - Bmoda Varejo - Conforto, Estilo e Qualidade\",\"isPartOf\":{\"@id\":\"https:\/\/bmoda.com.br\/varejo\/#website\"},\"datePublished\":\"2024-04-09T02:44:41+00:00\",\"dateModified\":\"2026-04-24T13:37:03+00:00\",\"breadcrumb\":{\"@id\":\"https:\/\/bmoda.com.br\/varejo\/product\/t-shirt-pernalonga-stay-crazy-rosa\/#breadcrumb\"},\"inLanguage\":\"pt-BR\",\"potentialAction\":[{\"@type\":\"ReadAction\",\"target\":[\"https:\/\/bmoda.com.br\/varejo\/product\/t-shirt-pernalonga-stay-crazy-rosa\/\"]}]},{\"@type\":\"BreadcrumbList\",\"@id\":\"https:\/\/bmoda.com.br\/varejo\/product\/t-shirt-pernalonga-stay-crazy-rosa\/#breadcrumb\",\"itemListElement\":[{\"@type\":\"ListItem\",\"position\":1,\"name\":\"In\u00edcio\",\"item\":\"https:\/\/bmoda.com.br\/varejo\/\"},{\"@type\":\"ListItem\",\"position\":2,\"name\":\"Pagina Loja\",\"item\":\"https:\/\/bmoda.com.br\/varejo\/shop\/\"},{\"@type\":\"ListItem\",\"position\":3,\"name\":\"Camiseta Pernalonga Stay Crazy Rosa\"}]},{\"@type\":\"WebSite\",\"@id\":\"https:\/\/bmoda.com.br\/varejo\/#website\",\"url\":\"https:\/\/bmoda.com.br\/varejo\/\",\"name\":\"Bmoda Varejo - Conforto, Estilo e Qualidade\",\"description\":\"\",\"publisher\":{\"@id\":\"https:\/\/bmoda.com.br\/varejo\/#organization\"},\"potentialAction\":[{\"@type\":\"SearchAction\",\"target\":{\"@type\":\"EntryPoint\",\"urlTemplate\":\"https:\/\/bmoda.com.br\/varejo\/?s={search_term_string}\"},\"query-input\":\"required name=search_term_string\"}],\"inLanguage\":\"pt-BR\"},{\"@type\":\"Organization\",\"@id\":\"https:\/\/bmoda.com.br\/varejo\/#organization\",\"name\":\"Bmoda Varejo - Conforto, Estilo e Qualidade\",\"url\":\"https:\/\/bmoda.com.br\/varejo\/\",\"logo\":{\"@type\":\"ImageObject\",\"inLanguage\":\"pt-BR\",\"@id\":\"https:\/\/bmoda.com.br\/varejo\/#\/schema\/logo\/image\/\",\"url\":\"https:\/\/177.154.191.152\/~bmoda8140\/wp-content\/uploads\/2023\/04\/Logo-Bmoda-t-shirts-camisetas-e1682451939534.webp\",\"contentUrl\":\"https:\/\/177.154.191.152\/~bmoda8140\/wp-content\/uploads\/2023\/04\/Logo-Bmoda-t-shirts-camisetas-e1682451939534.webp\",\"width\":228,\"height\":72,\"caption\":\"Bmoda Varejo - Conforto, Estilo e Qualidade\"},\"image\":{\"@id\":\"https:\/\/bmoda.com.br\/varejo\/#\/schema\/logo\/image\/\"},\"sameAs\":[\"https:\/\/www.facebook.com\/BmodaAdultoEInfantil\",\"https:\/\/www.instagram.com\/bmoda_tshirts\/\"]}]}<\/script>\n<!-- \/ Yoast SEO Premium plugin. -->","yoast_head_json":{"title":"Camiseta Pernalonga Stay Crazy Rosa - Bmoda Varejo - Conforto, Estilo e Qualidade","robots":{"index":"index","follow":"follow","max-snippet":"max-snippet:-1","max-image-preview":"max-image-preview:large","max-video-preview":"max-video-preview:-1"},"canonical":"https:\/\/bmoda.com.br\/varejo\/product\/t-shirt-pernalonga-stay-crazy-rosa\/","og_locale":"pt_BR","og_type":"article","og_title":"Camiseta Pernalonga Stay Crazy Rosa","og_description":"Veja abaixo as especifica\u00e7\u00f5es de nossas T-Shirts. Acabamento: Todas as nossas t-shirts recebem um tratamento especial no acabamento, com refor\u00e7o em toda a extens\u00e3o da pe\u00e7a. Composi\u00e7\u00e3o da Malha: 100% Algod\u00e3o, Fio 30.1 Penteada Modelo Camiseta Gola O Modelagem: A nossa modelagem n\u00e3o \u00e9 camiset\u00e3o, \u00e9 tamanho padr\u00e3o. Ent\u00e3o se voc\u00ea gosta de T-shirt um [...]","og_url":"https:\/\/bmoda.com.br\/varejo\/product\/t-shirt-pernalonga-stay-crazy-rosa\/","og_site_name":"Bmoda Varejo - Conforto, Estilo e Qualidade","article_publisher":"https:\/\/www.facebook.com\/BmodaAdultoEInfantil","article_modified_time":"2026-04-24T13:37:03+00:00","og_image":[{"width":1066,"height":1536,"url":"https:\/\/bmoda.com.br\/varejo\/wp-content\/uploads\/2024\/04\/whatsapp-image-2022-10-19-at-152303-e1666272419487.jpeg","type":"image\/jpeg"}],"twitter_misc":{"Est. tempo de leitura":"1 minuto"},"schema":{"@context":"https:\/\/schema.org","@graph":[{"@type":"WebPage","@id":"https:\/\/bmoda.com.br\/varejo\/product\/t-shirt-pernalonga-stay-crazy-rosa\/","url":"https:\/\/bmoda.com.br\/varejo\/product\/t-shirt-pernalonga-stay-crazy-rosa\/","name":"Camiseta Pernalonga Stay Crazy Rosa - Bmoda Varejo - Conforto, Estilo e Qualidade","isPartOf":{"@id":"https:\/\/bmoda.com.br\/varejo\/#website"},"datePublished":"2024-04-09T02:44:41+00:00","dateModified":"2026-04-24T13:37:03+00:00","breadcrumb":{"@id":"https:\/\/bmoda.com.br\/varejo\/product\/t-shirt-pernalonga-stay-crazy-rosa\/#breadcrumb"},"inLanguage":"pt-BR","potentialAction":[{"@type":"ReadAction","target":["https:\/\/bmoda.com.br\/varejo\/product\/t-shirt-pernalonga-stay-crazy-rosa\/"]}]},{"@type":"BreadcrumbList","@id":"https:\/\/bmoda.com.br\/varejo\/product\/t-shirt-pernalonga-stay-crazy-rosa\/#breadcrumb","itemListElement":[{"@type":"ListItem","position":1,"name":"In\u00edcio","item":"https:\/\/bmoda.com.br\/varejo\/"},{"@type":"ListItem","position":2,"name":"Pagina Loja","item":"https:\/\/bmoda.com.br\/varejo\/shop\/"},{"@type":"ListItem","position":3,"name":"Camiseta Pernalonga Stay Crazy Rosa"}]},{"@type":"WebSite","@id":"https:\/\/bmoda.com.br\/varejo\/#website","url":"https:\/\/bmoda.com.br\/varejo\/","name":"Bmoda Varejo - Conforto, Estilo e Qualidade","description":"","publisher":{"@id":"https:\/\/bmoda.com.br\/varejo\/#organization"},"potentialAction":[{"@type":"SearchAction","target":{"@type":"EntryPoint","urlTemplate":"https:\/\/bmoda.com.br\/varejo\/?s={search_term_string}"},"query-input":"required name=search_term_string"}],"inLanguage":"pt-BR"},{"@type":"Organization","@id":"https:\/\/bmoda.com.br\/varejo\/#organization","name":"Bmoda Varejo - Conforto, Estilo e Qualidade","url":"https:\/\/bmoda.com.br\/varejo\/","logo":{"@type":"ImageObject","inLanguage":"pt-BR","@id":"https:\/\/bmoda.com.br\/varejo\/#\/schema\/logo\/image\/","url":"https:\/\/177.154.191.152\/~bmoda8140\/wp-content\/uploads\/2023\/04\/Logo-Bmoda-t-shirts-camisetas-e1682451939534.webp","contentUrl":"https:\/\/177.154.191.152\/~bmoda8140\/wp-content\/uploads\/2023\/04\/Logo-Bmoda-t-shirts-camisetas-e1682451939534.webp","width":228,"height":72,"caption":"Bmoda Varejo - Conforto, Estilo e Qualidade"},"image":{"@id":"https:\/\/bmoda.com.br\/varejo\/#\/schema\/logo\/image\/"},"sameAs":["https:\/\/www.facebook.com\/BmodaAdultoEInfantil","https:\/\/www.instagram.com\/bmoda_tshirts\/"]}]}},"_links":{"self":[{"href":"https:\/\/bmoda.com.br\/varejo\/wp-json\/wp\/v2\/product\/15499"}],"collection":[{"href":"https:\/\/bmoda.com.br\/varejo\/wp-json\/wp\/v2\/product"}],"about":[{"href":"https:\/\/bmoda.com.br\/varejo\/wp-json\/wp\/v2\/types\/product"}],"replies":[{"embeddable":true,"href":"https:\/\/bmoda.com.br\/varejo\/wp-json\/wp\/v2\/comments?post=15499"}],"wp:featuredmedia":[{"embeddable":true,"href":"https:\/\/bmoda.com.br\/varejo\/wp-json\/wp\/v2\/media\/15498"}],"wp:attachment":[{"href":"https:\/\/bmoda.com.br\/varejo\/wp-json\/wp\/v2\/media?parent=15499"}],"wp:term":[{"taxonomy":"product_cat","embeddable":true,"href":"https:\/\/bmoda.com.br\/varejo\/wp-json\/wp\/v2\/product_cat?post=15499"},{"taxonomy":"product_tag","embeddable":true,"href":"https:\/\/bmoda.com.br\/varejo\/wp-json\/wp\/v2\/product_tag?post=15499"}],"curies":[{"name":"wp","href":"https:\/\/api.w.org\/{rel}","templated":true}]}}